{"id":625,"date":"2024-04-26T22:48:36","date_gmt":"2024-04-26T22:48:36","guid":{"rendered":"http:\/\/suasemfoco.sateliteinfo.com.br\/?page_id=625"},"modified":"2024-04-30T14:54:09","modified_gmt":"2024-04-30T14:54:09","slug":"blog","status":"publish","type":"page","link":"https:\/\/suasemfoco.ufla.br\/?page_id=625","title":{"rendered":"Blog"},"content":{"rendered":"\t\t<div data-elementor-type=\"wp-page\" data-elementor-id=\"625\" class=\"elementor elementor-625\">\n\t\t\t\t<div class=\"elementor-element elementor-element-463328e e-flex e-con-boxed e-con e-parent\" data-id=\"463328e\" data-element_type=\"container\" data-core-v316-plus=\"true\">\n\t\t\t\t\t<div class=\"e-con-inner\">\n\t\t\t\t<div class=\"elementor-element elementor-element-e7f0b72 section-title-style-style4 tpg-wrapper-align-left meta-visibility-show title_position_default title_hover_border_default title-default img_hover_animation_default meta_position_default grid-hover-overlay-type-always tpg-el-box-border-enable tpg-border-bottom-disable elementor-widget elementor-widget-tpg-grid-layout\" data-id=\"e7f0b72\" data-element_type=\"widget\" data-widget_type=\"tpg-grid-layout.default\">\n\t\t\t\t<div class=\"elementor-widget-container\">\n\t\t\t\t\t<div class=\"rt-container-fluid rt-tpg-container tpg-el-main-wrapper clearfix grid-layout1-main \"\n\t\t\t id=\"rt-tpg-container-4163882645\"\n\t\t\t data-layout=\"grid-layout1\"\n\t\t\t data-grid-style=\"tpg-full-height\"\n\t\t\t data-sc-id=\"elementor\"\n\t\t\t data-el-settings=''\n\t\t\t data-el-query=''\n\t\t\t data-el-path=''\n\t\t>\n\n\t\t\t\t\t\t\t<div id=\"bottom-script-loader\" class=\"bottom-script-loader\">\n\t\t\t\t\t<div class=\"rt-ball-clip-rotate\">\n\t\t\t\t\t\t<div><\/div>\n\t\t\t\t\t<\/div>\n\t\t\t\t<\/div>\n\t\t\t\t\t\t\t<div class='tpg-header-wrapper '>\n\t\t\t\t\n\t\t<div class=\"tpg-widget-heading-wrapper rt-clear heading-style4 \">\n\t\t\t<span class=\"tpg-widget-heading-line line-left\"><\/span>\n\n\t\t\t<h2 class='tpg-widget-heading'>\n\t\t\t\n\t\t\t\t\t\t\t\t\t<span>\n\t\t\t\t\t\tPostagens\t\t\t\t\t<\/span>\n\t\t\t\t\t\n\t\t\t\t\t\t\t<\/h2>\t\t\t<span class=\"tpg-widget-heading-line line-right\"><\/span>\n\n\t\t\t\n\t\t<\/div>\n\n\t\t\n\t\t\t\t\t<\/div>\n\n\t\t\t<div data-title=\"Loading ...\" class=\"rt-row rt-content-loader grid-layout1 grid-behaviour tpg-full-height grid_layout_wrapper\">\n\t\t\t\t<div class=\"rt-col-md-4 rt-col-sm-6 rt-col-xs-12 default rt-grid-item post-646 post type-post status-publish format-standard hentry category-blog\"\t\tdata-id=\"646\">\n\t<div class=\"rt-holder tpg-post-holder\">\n\t\t<div class=\"rt-detail rt-el-content-wrapper\">\n\t\t\t\t\t\t\t<div class=\"rt-img-holder tpg-el-image-wrap has-no-thumbnail\">\n\t\t\t\t\t<a data-id=\"646\" href=\"https:\/\/suasemfoco.ufla.br\/?p=646\" class=\"tpg-post-link\" target=\"_self\">\t\t\n\t\t<\/a>\n\t\t\t\t<div class=\"overlay grid-hover-content\"><\/div>\n\t\t\t\t\t\t<\/div>\n\t\t\t\n\t\t\t<div class=\"entry-title-wrapper\"><h3 class=\"entry-title\"><a data-id=\"646\" href=\"https:\/\/suasemfoco.ufla.br\/?p=646\" class=\"tpg-post-link\" target=\"_self\">Est\u00e3o abertas as inscri\u00e7\u00f5es do Curso 3: \u201cO Controle Social no SUAS<\/a><\/h3><\/div>\n\t\t\t\t\t\t\t<div class=\"post-meta-tags rt-el-post-meta\">\n\t\t\t\t\t\t\t\t<span class='date'>\n\t\t\t\t<i class='far fa-calendar-alt '><\/i>\t\t\t\t<a href=\"https:\/\/suasemfoco.ufla.br\/?m=20240426\">\n\t\t\t\t\tabril 26, 2024\t\t\t\t<\/a>\n\t\t\t<\/span>\n\t\t\t\t\t\t\t<\/div>\n\t\t\t\n\n\t\t\t\t\t\t\t<div class=\"tpg-excerpt tpg-el-excerpt\">\n\t\t\t\t\t\t\t\t\t\t\t<div class=\"tpg-excerpt-inner\">\n\t\t\t\t\t\t\tJ\u00e1 est\u00e3o abertas as inscri\u00e7\u00f5es para o Curso 3: \u201cO Controle Social no SUAS\u201d. Esperamos por voc\u00eas, trabalhadores do SUAS, para mais uma jornada de capacita\u00e7\u00e3o profissional! Voc\u00ea pode acessar o link para...\t\t\t\t\t\t<\/div>\n\t\t\t\t\t\t\t\t\t\t\t\t\t\t<\/div>\n\t\t\t\n\t\t\t\t\t<\/div>\n\t<\/div>\n<\/div>\n\t\t\t<\/div>\n\t\t\t\n\t\t<\/div>\n\t\t\t\t<\/div>\n\t\t\t\t<\/div>\n\t\t\t\t\t<\/div>\n\t\t\t\t<\/div>\n\t\t\t\t<\/div>\n\t\t","protected":false},"excerpt":{"rendered":"<p>Postagens Teste final de pagina\u00e7\u00e3o abril 30, 2024 Teste final para pagina\u00e7\u00e3o do blog&#8230; Teste de pagina\u00e7\u00e3o abril 30, 2024 Essa \u00e9 uma postagem de teste para a pagina\u00e7\u00e3o do blog&#8230; Postagem de teste 6 abril 30, 2024 Teste de pagina\u00e7\u00e3o&#8230; Postagem de teste 5 abril 30, 2024 Teste de pagina\u00e7\u00e3o&#8230; Postagem de teste 4 [&hellip;]<\/p>\n","protected":false},"author":2,"featured_media":0,"parent":0,"menu_order":0,"comment_status":"closed","ping_status":"closed","template":"","meta":{"footnotes":""},"rttpg_featured_image_url":null,"rttpg_author":{"display_name":"Ivan","author_link":"https:\/\/suasemfoco.ufla.br\/?author=2"},"rttpg_comment":0,"rttpg_category":"","rttpg_excerpt":"Postagens Teste final de pagina\u00e7\u00e3o abril 30, 2024 Teste final para pagina\u00e7\u00e3o do blog&#8230; Teste de pagina\u00e7\u00e3o abril 30, 2024 Essa \u00e9 uma postagem de teste para a pagina\u00e7\u00e3o do blog&#8230; Postagem de teste 6 abril 30, 2024 Teste de pagina\u00e7\u00e3o&#8230; Postagem de teste 5 abril 30, 2024 Teste de pagina\u00e7\u00e3o&#8230; Postagem de teste 4&hellip;","_links":{"self":[{"href":"https:\/\/suasemfoco.ufla.br\/index.php?rest_route=\/wp\/v2\/pages\/625"}],"collection":[{"href":"https:\/\/suasemfoco.ufla.br\/index.php?rest_route=\/wp\/v2\/pages"}],"about":[{"href":"https:\/\/suasemfoco.ufla.br\/index.php?rest_route=\/wp\/v2\/types\/page"}],"author":[{"embeddable":true,"href":"https:\/\/suasemfoco.ufla.br\/index.php?rest_route=\/wp\/v2\/users\/2"}],"replies":[{"embeddable":true,"href":"https:\/\/suasemfoco.ufla.br\/index.php?rest_route=%2Fwp%2Fv2%2Fcomments&post=625"}],"version-history":[{"count":10,"href":"https:\/\/suasemfoco.ufla.br\/index.php?rest_route=\/wp\/v2\/pages\/625\/revisions"}],"predecessor-version":[{"id":724,"href":"https:\/\/suasemfoco.ufla.br\/index.php?rest_route=\/wp\/v2\/pages\/625\/revisions\/724"}],"wp:attachment":[{"href":"https:\/\/suasemfoco.ufla.br\/index.php?rest_route=%2Fwp%2Fv2%2Fmedia&parent=625"}],"curies":[{"name":"wp","href":"https:\/\/api.w.org\/{rel}","templated":true}]}}