{"id":79,"date":"2024-03-26T19:12:01","date_gmt":"2024-03-26T19:12:01","guid":{"rendered":"http:\/\/suasemfoco.sateliteinfo.com.br\/?page_id=79"},"modified":"2026-02-20T15:52:35","modified_gmt":"2026-02-20T15:52:35","slug":"inicio","status":"publish","type":"page","link":"https:\/\/suasemfoco.ufla.br\/","title":{"rendered":"In\u00edcio"},"content":{"rendered":"\t\t<div data-elementor-type=\"wp-page\" data-elementor-id=\"79\" class=\"elementor elementor-79\">\n\t\t\t\t<div class=\"elementor-element elementor-element-73f9bcc e-con-full e-flex e-con e-parent\" data-id=\"73f9bcc\" data-element_type=\"container\" data-core-v316-plus=\"true\">\n\t\t\t\t<div class=\"elementor-element elementor-element-1427011 elementor-widget elementor-widget-html\" data-id=\"1427011\" data-element_type=\"widget\" data-widget_type=\"html.default\">\n\t\t\t\t<div class=\"elementor-widget-container\">\n\t\t\t<div style=\"position: relative; width: 100%; height: 0; padding-top: 37.5000%;\r\n padding-bottom: 0; box-shadow: 0 0px 0px 0 rgba(63,69,81,0.16); margin-top: 1.6em; margin-bottom: 0.9em; overflow: hidden;\r\n border-radius: 8px; will-change: transform;\">\r\n  <iframe loading=\"lazy\" style=\"position: absolute; width: 100%; height: 100%; top: 0; left: 0; border: none; padding: 0;margin: 0;\"\r\n    src=\"https:&#x2F;&#x2F;www.canva.com&#x2F;design&#x2F;DAFrJv_IzVk&#x2F;yNwsrut1LrAsM_zlMqX-Bg&#x2F;view?embed\">\r\n  <\/iframe>\r\n<\/div>\r\n<a href=\"https:&#x2F;&#x2F;www.canva.com&#x2F;design&#x2F;DAFrJv_IzVk&#x2F;yNwsrut1LrAsM_zlMqX-Bg&#x2F;view?utm_content=DAFrJv_IzVk&amp;utm_campaign=designshare&amp;utm_medium=embeds&amp;utm_source=link\" target=\"_blank\" rel=\"noopener\"><\/a>\t\t<\/div>\n\t\t\t\t<\/div>\n\t\t\t\t<\/div>\n\t\t<div class=\"elementor-element elementor-element-a07c8dd e-grid e-con-boxed e-con e-parent\" data-id=\"a07c8dd\" data-element_type=\"container\" data-core-v316-plus=\"true\">\n\t\t\t\t\t<div class=\"e-con-inner\">\n\t\t\t\t<div class=\"elementor-element elementor-element-3f3ea74 elementor-widget elementor-widget-elementskit-button\" data-id=\"3f3ea74\" data-element_type=\"widget\" data-widget_type=\"elementskit-button.default\">\n\t\t\t\t<div class=\"elementor-widget-container\">\n\t\t\t<div class=\"ekit-wid-con\" >\t\t<div class=\"ekit-btn-wraper\">\n\t\t\t\t\t\t\t<a class=\"elementskit-btn  whitespace--normal\" id=\"\">\n\t\t\t\t\tFa\u00e7a sua inscri\u00e7\u00e3o\t\t\t\t<\/a>\n\t\t\t\t\t<\/div>\n        <\/div>\t\t<\/div>\n\t\t\t\t<\/div>\n\t\t\t\t<div class=\"elementor-element elementor-element-9c6f8e6 elementor-widget elementor-widget-elementskit-button\" data-id=\"9c6f8e6\" data-element_type=\"widget\" data-widget_type=\"elementskit-button.default\">\n\t\t\t\t<div class=\"elementor-widget-container\">\n\t\t\t<div class=\"ekit-wid-con\" >\t\t<div class=\"ekit-btn-wraper\">\n\t\t\t\t\t\t\t<a href=\"https:\/\/campusvirtual2.ufla.br\/openufla\/\" class=\"elementskit-btn  whitespace--normal\" id=\"\">\n\t\t\t\t\tCampus virtual\t\t\t\t<\/a>\n\t\t\t\t\t<\/div>\n        <\/div>\t\t<\/div>\n\t\t\t\t<\/div>\n\t\t\t\t\t<\/div>\n\t\t\t\t<\/div>\n\t\t<div class=\"elementor-element elementor-element-2a53590 e-flex e-con-boxed e-con e-parent\" data-id=\"2a53590\" data-element_type=\"container\" data-core-v316-plus=\"true\">\n\t\t\t\t\t<div class=\"e-con-inner\">\n\t\t<div class=\"elementor-element elementor-element-effba37 e-con-full e-flex e-con e-child\" data-id=\"effba37\" data-element_type=\"container\">\n\t\t\t\t<div class=\"elementor-element elementor-element-c6e067c elementor-position-top elementor-widget elementor-widget-image-box\" data-id=\"c6e067c\" data-element_type=\"widget\" data-widget_type=\"image-box.default\">\n\t\t\t\t<div class=\"elementor-widget-container\">\n\t\t\t<style>\/*! elementor - v3.20.0 - 10-04-2024 *\/\n.elementor-widget-image-box .elementor-image-box-content{width:100%}@media (min-width:768px){.elementor-widget-image-box.elementor-position-left .elementor-image-box-wrapper,.elementor-widget-image-box.elementor-position-right .elementor-image-box-wrapper{display:flex}.elementor-widget-image-box.elementor-position-right .elementor-image-box-wrapper{text-align:right;flex-direction:row-reverse}.elementor-widget-image-box.elementor-position-left .elementor-image-box-wrapper{text-align:left;flex-direction:row}.elementor-widget-image-box.elementor-position-top .elementor-image-box-img{margin:auto}.elementor-widget-image-box.elementor-vertical-align-top .elementor-image-box-wrapper{align-items:flex-start}.elementor-widget-image-box.elementor-vertical-align-middle .elementor-image-box-wrapper{align-items:center}.elementor-widget-image-box.elementor-vertical-align-bottom .elementor-image-box-wrapper{align-items:flex-end}}@media (max-width:767px){.elementor-widget-image-box .elementor-image-box-img{margin-left:auto!important;margin-right:auto!important;margin-bottom:15px}}.elementor-widget-image-box .elementor-image-box-img{display:inline-block}.elementor-widget-image-box .elementor-image-box-title a{color:inherit}.elementor-widget-image-box .elementor-image-box-wrapper{text-align:center}.elementor-widget-image-box .elementor-image-box-description{margin:0}<\/style><div class=\"elementor-image-box-wrapper\"><figure class=\"elementor-image-box-img\"><img decoding=\"async\" src=\"https:\/\/drive.google.com\/drive\/home\" title=\"\" alt=\"\" loading=\"lazy\" \/><\/figure><\/div>\t\t<\/div>\n\t\t\t\t<\/div>\n\t\t\t\t<\/div>\n\t\t<div class=\"elementor-element elementor-element-c80b221 e-con-full e-flex e-con e-child\" data-id=\"c80b221\" data-element_type=\"container\">\n\t\t\t\t<div class=\"elementor-element elementor-element-a625518 elementor-position-top elementor-widget elementor-widget-image-box\" data-id=\"a625518\" data-element_type=\"widget\" data-widget_type=\"image-box.default\">\n\t\t\t\t<div class=\"elementor-widget-container\">\n\t\t\t<div class=\"elementor-image-box-wrapper\"><figure class=\"elementor-image-box-img\"><img decoding=\"async\" src=\"https:\/\/drive.google.com\/drive\/home\" title=\"\" alt=\"\" loading=\"lazy\" \/><\/figure><\/div>\t\t<\/div>\n\t\t\t\t<\/div>\n\t\t\t\t<\/div>\n\t\t\t\t\t<\/div>\n\t\t\t\t<\/div>\n\t\t<div class=\"elementor-element elementor-element-41aa258 e-con-full e-flex e-con e-parent\" data-id=\"41aa258\" data-element_type=\"container\" data-core-v316-plus=\"true\">\n\t\t\t\t<div class=\"elementor-element elementor-element-2fdb410 section-title-style-style4 meta-visibility-show title_position_default title_hover_border_default title-default img_hover_animation_default meta_position_default grid-hover-overlay-type-always tpg-el-box-border-enable tpg-border-bottom-disable elementor-widget elementor-widget-tpg-grid-layout\" data-id=\"2fdb410\" data-element_type=\"widget\" data-widget_type=\"tpg-grid-layout.default\">\n\t\t\t\t<div class=\"elementor-widget-container\">\n\t\t\t\t\t<div class=\"rt-container-fluid rt-tpg-container tpg-el-main-wrapper clearfix grid-layout1-main \"\n\t\t\t id=\"rt-tpg-container-2606564632\"\n\t\t\t data-layout=\"grid-layout1\"\n\t\t\t data-grid-style=\"tpg-full-height\"\n\t\t\t data-sc-id=\"elementor\"\n\t\t\t data-el-settings=''\n\t\t\t data-el-query=''\n\t\t\t data-el-path=''\n\t\t>\n\n\t\t\t\t\t\t\t<div id=\"bottom-script-loader\" class=\"bottom-script-loader\">\n\t\t\t\t\t<div class=\"rt-ball-clip-rotate\">\n\t\t\t\t\t\t<div><\/div>\n\t\t\t\t\t<\/div>\n\t\t\t\t<\/div>\n\t\t\t\t\t\t\t<div class='tpg-header-wrapper '>\n\t\t\t\t\n\t\t<div class=\"tpg-widget-heading-wrapper rt-clear heading-style4 \">\n\t\t\t<span class=\"tpg-widget-heading-line line-left\"><\/span>\n\n\t\t\t<h2 class='tpg-widget-heading'>\n\t\t\t\n\t\t\t\t\t\t\t\t\t<span>\n\t\t\t\t\t\tCursos\t\t\t\t\t<\/span>\n\t\t\t\t\t\n\t\t\t\t\t\t\t<\/h2>\t\t\t<span class=\"tpg-widget-heading-line line-right\"><\/span>\n\n\t\t\t\n\t\t<\/div>\n\n\t\t\n\t\t\t\t\t<\/div>\n\n\t\t\t<div data-title=\"Loading ...\" class=\"rt-row rt-content-loader grid-layout1 grid-behaviour tpg-full-height grid_layout_wrapper\">\n\t\t\t\t<div class=\"rt-col-md-4 rt-col-sm-6 rt-col-xs-12 default rt-grid-item post-239 post type-post status-publish format-standard hentry category-cursos\"\t\tdata-id=\"239\">\n\t<div class=\"rt-holder tpg-post-holder\">\n\t\t<div class=\"rt-detail rt-el-content-wrapper\">\n\t\t\t\t\t\t\t<div class=\"rt-img-holder tpg-el-image-wrap has-no-thumbnail\">\n\t\t\t\t\t<a data-id=\"239\" href=\"https:\/\/suasemfoco.ufla.br\/?p=239\" class=\"tpg-post-link\" target=\"_self\">\t\t\n\t\t<\/a>\n\t\t\t\t<div class=\"overlay grid-hover-content\"><\/div>\n\t\t\t\t\t\t<\/div>\n\t\t\t\n\t\t\t<div class=\"entry-title-wrapper\"><h3 class=\"entry-title\"><a data-id=\"239\" href=\"https:\/\/suasemfoco.ufla.br\/?p=239\" class=\"tpg-post-link\" target=\"_self\">Teste de cursos dispon\u00edveis<\/a><\/h3><\/div>\n\t\t\t\t\t\t\t<div class=\"post-meta-tags rt-el-post-meta\">\n\t\t\t\t\t\t\t\t<span class='date'>\n\t\t\t\t<i class='far fa-calendar-alt '><\/i>\t\t\t\t<a href=\"https:\/\/suasemfoco.ufla.br\/?m=20240412\">\n\t\t\t\t\tabril 12, 2024\t\t\t\t<\/a>\n\t\t\t<\/span>\n\t\t\t\t\t\t\t<\/div>\n\t\t\t\n\n\t\t\t\t\t\t\t<div class=\"tpg-excerpt tpg-el-excerpt\">\n\t\t\t\t\t\t\t\t\t\t\t<div class=\"tpg-excerpt-inner\">\n\t\t\t\t\t\t\tCursos dispon\u00edveis teste1 Venha participar de nossos cursos!! Data de in\u00edcio DD\/MM\/AAAA Dura\u00e7\u00e3o: 60 Horas Acesso ao campus virtual: https:\/\/campusvirtual2.ufla.br\/openufla\/...\t\t\t\t\t\t<\/div>\n\t\t\t\t\t\t\t\t\t\t\t\t\t\t<\/div>\n\t\t\t\n\t\t\t\t\t<\/div>\n\t<\/div>\n<\/div>\n\t\t\t<\/div>\n\t\t\t\n\t\t<\/div>\n\t\t\t\t<\/div>\n\t\t\t\t<\/div>\n\t\t\t\t<div class=\"elementor-element elementor-element-6121466 section-title-style-style4 tpg-wrapper-align-left meta-visibility-show title_position_default title_hover_border_default title-default img_hover_animation_default meta_position_default grid-hover-overlay-type-always tpg-el-box-border-enable tpg-border-bottom-disable elementor-widget elementor-widget-tpg-grid-layout\" data-id=\"6121466\" data-element_type=\"widget\" data-widget_type=\"tpg-grid-layout.default\">\n\t\t\t\t<div class=\"elementor-widget-container\">\n\t\t\t\t\t<div class=\"rt-container-fluid rt-tpg-container tpg-el-main-wrapper clearfix grid-layout1-main \"\n\t\t\t id=\"rt-tpg-container-2569453077\"\n\t\t\t data-layout=\"grid-layout1\"\n\t\t\t data-grid-style=\"tpg-full-height\"\n\t\t\t data-sc-id=\"elementor\"\n\t\t\t data-el-settings=''\n\t\t\t data-el-query=''\n\t\t\t data-el-path=''\n\t\t>\n\n\t\t\t\t\t\t\t<div id=\"bottom-script-loader\" class=\"bottom-script-loader\">\n\t\t\t\t\t<div class=\"rt-ball-clip-rotate\">\n\t\t\t\t\t\t<div><\/div>\n\t\t\t\t\t<\/div>\n\t\t\t\t<\/div>\n\t\t\t\t\t\t\t<div class='tpg-header-wrapper '>\n\t\t\t\t\n\t\t<div class=\"tpg-widget-heading-wrapper rt-clear heading-style4 \">\n\t\t\t<span class=\"tpg-widget-heading-line line-left\"><\/span>\n\n\t\t\t<h2 class='tpg-widget-heading'>\n\t\t\t\n\t\t\t\t\t\t\t\t\t<span>\n\t\t\t\t\t\tPostagens recentes\t\t\t\t\t<\/span>\n\t\t\t\t\t\n\t\t\t\t\t\t\t<\/h2>\t\t\t<span class=\"tpg-widget-heading-line line-right\"><\/span>\n\n\t\t\t\n\t\t<\/div>\n\n\t\t\n\t\t\t\t\t<\/div>\n\n\t\t\t<div data-title=\"Loading ...\" class=\"rt-row rt-content-loader grid-layout1 grid-behaviour tpg-full-height grid_layout_wrapper\">\n\t\t\t\t<div class=\"rt-col-md-4 rt-col-sm-6 rt-col-xs-12 default rt-grid-item post-646 post type-post status-publish format-standard hentry category-blog\"\t\tdata-id=\"646\">\n\t<div class=\"rt-holder tpg-post-holder\">\n\t\t<div class=\"rt-detail rt-el-content-wrapper\">\n\t\t\t\t\t\t\t<div class=\"rt-img-holder tpg-el-image-wrap has-no-thumbnail\">\n\t\t\t\t\t<a data-id=\"646\" href=\"https:\/\/suasemfoco.ufla.br\/?p=646\" class=\"tpg-post-link\" target=\"_self\">\t\t\n\t\t<\/a>\n\t\t\t\t<div class=\"overlay grid-hover-content\"><\/div>\n\t\t\t\t\t\t<\/div>\n\t\t\t\n\t\t\t<div class=\"entry-title-wrapper\"><h3 class=\"entry-title\"><a data-id=\"646\" href=\"https:\/\/suasemfoco.ufla.br\/?p=646\" class=\"tpg-post-link\" target=\"_self\">Est\u00e3o abertas as inscri\u00e7\u00f5es do Curso 3: \u201cO Controle Social no SUAS<\/a><\/h3><\/div>\n\t\t\t\t\t\t\t<div class=\"post-meta-tags rt-el-post-meta\">\n\t\t\t\t\t\t\t\t<span class='date'>\n\t\t\t\t<i class='far fa-calendar-alt '><\/i>\t\t\t\t<a href=\"https:\/\/suasemfoco.ufla.br\/?m=20240426\">\n\t\t\t\t\tabril 26, 2024\t\t\t\t<\/a>\n\t\t\t<\/span>\n\t\t\t\t\t\t\t<\/div>\n\t\t\t\n\n\t\t\t\t\t\t\t<div class=\"tpg-excerpt tpg-el-excerpt\">\n\t\t\t\t\t\t\t\t\t\t\t<div class=\"tpg-excerpt-inner\">\n\t\t\t\t\t\t\tJ\u00e1 est\u00e3o abertas as inscri\u00e7\u00f5es para o Curso 3: \u201cO Controle Social no SUAS\u201d. Esperamos por voc\u00eas, trabalhadores do SUAS, para mais uma jornada de capacita\u00e7\u00e3o profissional! Voc\u00ea pode acessar o link para...\t\t\t\t\t\t<\/div>\n\t\t\t\t\t\t\t\t\t\t\t\t\t\t<\/div>\n\t\t\t\n\t\t\t\t\t<\/div>\n\t<\/div>\n<\/div>\n\t\t\t<\/div>\n\t\t\t\n\t\t<\/div>\n\t\t\t\t<\/div>\n\t\t\t\t<\/div>\n\t\t\t\t<\/div>\n\t\t\t\t<\/div>\n\t\t","protected":false},"excerpt":{"rendered":"<p>Fa\u00e7a sua inscri\u00e7\u00e3o Campus virtual Cursos Teste de cursos dispon\u00edveis abril 12, 2024 Cursos dispon\u00edveis teste1 Venha participar de nossos cursos!! Data de in\u00edcio DD\/MM\/AAAA Dura\u00e7\u00e3o: 60 Horas Acesso ao campus virtual: https:\/\/campusvirtual2.ufla.br\/openufla\/&#8230; Postagens recentes Est\u00e3o abertas as inscri\u00e7\u00f5es do Curso 3: \u201cO Controle Social no SUAS abril 26, 2024 J\u00e1 est\u00e3o abertas as inscri\u00e7\u00f5es [&hellip;]<\/p>\n","protected":false},"author":2,"featured_media":0,"parent":0,"menu_order":0,"comment_status":"closed","ping_status":"closed","template":"","meta":{"footnotes":""},"rttpg_featured_image_url":null,"rttpg_author":{"display_name":"Ivan","author_link":"https:\/\/suasemfoco.ufla.br\/?author=2"},"rttpg_comment":0,"rttpg_category":"","rttpg_excerpt":"Fa\u00e7a sua inscri\u00e7\u00e3o Campus virtual Cursos Teste de cursos dispon\u00edveis abril 12, 2024 Cursos dispon\u00edveis teste1 Venha participar de nossos cursos!! Data de in\u00edcio DD\/MM\/AAAA Dura\u00e7\u00e3o: 60 Horas Acesso ao campus virtual: https:\/\/campusvirtual2.ufla.br\/openufla\/&#8230; Postagens recentes Est\u00e3o abertas as inscri\u00e7\u00f5es do Curso 3: \u201cO Controle Social no SUAS abril 26, 2024 J\u00e1 est\u00e3o abertas as inscri\u00e7\u00f5es&hellip;","_links":{"self":[{"href":"https:\/\/suasemfoco.ufla.br\/index.php?rest_route=\/wp\/v2\/pages\/79"}],"collection":[{"href":"https:\/\/suasemfoco.ufla.br\/index.php?rest_route=\/wp\/v2\/pages"}],"about":[{"href":"https:\/\/suasemfoco.ufla.br\/index.php?rest_route=\/wp\/v2\/types\/page"}],"author":[{"embeddable":true,"href":"https:\/\/suasemfoco.ufla.br\/index.php?rest_route=\/wp\/v2\/users\/2"}],"replies":[{"embeddable":true,"href":"https:\/\/suasemfoco.ufla.br\/index.php?rest_route=%2Fwp%2Fv2%2Fcomments&post=79"}],"version-history":[{"count":286,"href":"https:\/\/suasemfoco.ufla.br\/index.php?rest_route=\/wp\/v2\/pages\/79\/revisions"}],"predecessor-version":[{"id":749,"href":"https:\/\/suasemfoco.ufla.br\/index.php?rest_route=\/wp\/v2\/pages\/79\/revisions\/749"}],"wp:attachment":[{"href":"https:\/\/suasemfoco.ufla.br\/index.php?rest_route=%2Fwp%2Fv2%2Fmedia&parent=79"}],"curies":[{"name":"wp","href":"https:\/\/api.w.org\/{rel}","templated":true}]}}