{"id":8,"date":"2024-03-25T17:08:47","date_gmt":"2024-03-25T17:08:47","guid":{"rendered":"http:\/\/suasemfoco.sateliteinfo.com.br\/?page_id=8"},"modified":"2024-03-26T19:26:40","modified_gmt":"2024-03-26T19:26:40","slug":"sobre","status":"publish","type":"page","link":"https:\/\/suasemfoco.ufla.br\/?page_id=8","title":{"rendered":"Sobre"},"content":{"rendered":"\t\t<div data-elementor-type=\"wp-page\" data-elementor-id=\"8\" class=\"elementor elementor-8\">\n\t\t\t\t<div class=\"elementor-element elementor-element-a6ae5d8 e-flex e-con-boxed e-con e-parent\" data-id=\"a6ae5d8\" data-element_type=\"container\" data-core-v316-plus=\"true\">\n\t\t\t\t\t<div class=\"e-con-inner\">\n\t\t\t\t<div class=\"elementor-element elementor-element-67bc548 elementor-widget elementor-widget-heading\" data-id=\"67bc548\" data-element_type=\"widget\" data-widget_type=\"heading.default\">\n\t\t\t\t<div class=\"elementor-widget-container\">\n\t\t\t<style>\/*! elementor - v3.20.0 - 10-04-2024 *\/\n.elementor-heading-title{padding:0;margin:0;line-height:1}.elementor-widget-heading .elementor-heading-title[class*=elementor-size-]>a{color:inherit;font-size:inherit;line-height:inherit}.elementor-widget-heading .elementor-heading-title.elementor-size-small{font-size:15px}.elementor-widget-heading .elementor-heading-title.elementor-size-medium{font-size:19px}.elementor-widget-heading .elementor-heading-title.elementor-size-large{font-size:29px}.elementor-widget-heading .elementor-heading-title.elementor-size-xl{font-size:39px}.elementor-widget-heading .elementor-heading-title.elementor-size-xxl{font-size:59px}<\/style><h2 class=\"elementor-heading-title elementor-size-default\">Quem somos<\/h2>\t\t<\/div>\n\t\t\t\t<\/div>\n\t\t\t\t<div class=\"elementor-element elementor-element-34f867e elementor-widget elementor-widget-text-editor\" data-id=\"34f867e\" data-element_type=\"widget\" data-widget_type=\"text-editor.default\">\n\t\t\t\t<div class=\"elementor-widget-container\">\n\t\t\t<style>\/*! elementor - v3.20.0 - 10-04-2024 *\/\n.elementor-widget-text-editor.elementor-drop-cap-view-stacked .elementor-drop-cap{background-color:#69727d;color:#fff}.elementor-widget-text-editor.elementor-drop-cap-view-framed .elementor-drop-cap{color:#69727d;border:3px solid;background-color:transparent}.elementor-widget-text-editor:not(.elementor-drop-cap-view-default) .elementor-drop-cap{margin-top:8px}.elementor-widget-text-editor:not(.elementor-drop-cap-view-default) .elementor-drop-cap-letter{width:1em;height:1em}.elementor-widget-text-editor .elementor-drop-cap{float:left;text-align:center;line-height:1;font-size:50px}.elementor-widget-text-editor .elementor-drop-cap-letter{display:inline-block}<\/style>\t\t\t\t<p>Nossa equipe \u00e9 composta por especialistas em educa\u00e7\u00e3o, assist\u00eancia social e tecnologia, dedicados a proporcionar uma experi\u00eancia educacional de qualidade. Acreditamos que investir no desenvolvimento dos profissionais da assist\u00eancia social contribui diretamente para o fortalecimento das comunidades e para a promo\u00e7\u00e3o do bem-estar social.<\/p>\t\t\t\t\t\t<\/div>\n\t\t\t\t<\/div>\n\t\t\t\t\t<\/div>\n\t\t\t\t<\/div>\n\t\t<div class=\"elementor-element elementor-element-ebbc58e e-flex e-con-boxed e-con e-parent\" data-id=\"ebbc58e\" data-element_type=\"container\" data-core-v316-plus=\"true\">\n\t\t\t\t\t<div class=\"e-con-inner\">\n\t\t\t\t<div class=\"elementor-element elementor-element-438a2d9 elementor-widget elementor-widget-heading\" data-id=\"438a2d9\" data-element_type=\"widget\" data-widget_type=\"heading.default\">\n\t\t\t\t<div class=\"elementor-widget-container\">\n\t\t\t<h2 class=\"elementor-heading-title elementor-size-default\">P\u00fablico Alvo<\/h2>\t\t<\/div>\n\t\t\t\t<\/div>\n\t\t\t\t<div class=\"elementor-element elementor-element-5a0838c elementor-widget elementor-widget-text-editor\" data-id=\"5a0838c\" data-element_type=\"widget\" data-widget_type=\"text-editor.default\">\n\t\t\t\t<div class=\"elementor-widget-container\">\n\t\t\t\t\t\t\t<p>Este projeto destina-se a assistentes sociais, psic\u00f3logos, educadores sociais, gestores p\u00fablicos e demais profissionais que atuam na \u00e1rea de assist\u00eancia social. Seja voc\u00ea um profissional experiente buscando aprimoramento ou algu\u00e9m iniciando sua carreira, nossa plataforma oferece recursos adaptados \u00e0s suas necessidades.<\/p><p>Junte-se a n\u00f3s nesta jornada de aprendizado cont\u00ednuo, onde a educa\u00e7\u00e3o se torna uma ferramenta poderosa para criar um impacto positivo nas vidas daqueles que mais precisam.<\/p>\t\t\t\t\t\t<\/div>\n\t\t\t\t<\/div>\n\t\t\t\t<div class=\"elementor-element elementor-element-16d2456 elementor-widget elementor-widget-heading\" data-id=\"16d2456\" data-element_type=\"widget\" data-widget_type=\"heading.default\">\n\t\t\t\t<div class=\"elementor-widget-container\">\n\t\t\t<h2 class=\"elementor-heading-title elementor-size-default\">Objetivos<\/h2>\t\t<\/div>\n\t\t\t\t<\/div>\n\t\t\t\t<div class=\"elementor-element elementor-element-1c2d68d elementor-widget elementor-widget-text-editor\" data-id=\"1c2d68d\" data-element_type=\"widget\" data-widget_type=\"text-editor.default\">\n\t\t\t\t<div class=\"elementor-widget-container\">\n\t\t\t\t\t\t\t<p><b>Aprimoramento Profissional:<\/b> Oferecer cursos que abordem temas cr\u00edticos e emergentes na \u00e1rea de assist\u00eancia social, promovendo a atualiza\u00e7\u00e3o e aprimoramento cont\u00ednuo das habilidades necess\u00e1rias para lidar com desafios complexos.<\/p><p><b>Inclus\u00e3o e Diversidade:<\/b> Abordar quest\u00f5es de diversidade, equidade e inclus\u00e3o para capacitar profissionais a atenderem de maneira eficaz \u00e0s diversas necessidades das comunidades atendidas.<\/p><p><b>Tecnologia e Inova\u00e7\u00e3o: <\/b>Introduzir pr\u00e1ticas inovadoras e o uso adequado da tecnologia na presta\u00e7\u00e3o de servi\u00e7os sociais, capacitando os profissionais a se adaptarem \u00e0s mudan\u00e7as no ambiente de trabalho.<\/p><p><b>Networking e Colabora\u00e7\u00e3o:<\/b> Facilitar oportunidades para networking e colabora\u00e7\u00e3o entre profissionais da \u00e1rea, promovendo a troca de experi\u00eancias e boas pr\u00e1ticas.<\/p>\t\t\t\t\t\t<\/div>\n\t\t\t\t<\/div>\n\t\t\t\t\t<\/div>\n\t\t\t\t<\/div>\n\t\t\t\t<\/div>\n\t\t","protected":false},"excerpt":{"rendered":"<p>Quem somos Nossa equipe \u00e9 composta por especialistas em educa\u00e7\u00e3o, assist\u00eancia social e tecnologia, dedicados a proporcionar uma experi\u00eancia educacional de qualidade. Acreditamos que investir no desenvolvimento dos profissionais da assist\u00eancia social contribui diretamente para o fortalecimento das comunidades e para a promo\u00e7\u00e3o do bem-estar social. P\u00fablico Alvo Este projeto destina-se a assistentes sociais, psic\u00f3logos, [&hellip;]<\/p>\n","protected":false},"author":2,"featured_media":0,"parent":0,"menu_order":0,"comment_status":"closed","ping_status":"closed","template":"","meta":{"footnotes":""},"rttpg_featured_image_url":null,"rttpg_author":{"display_name":"Ivan","author_link":"https:\/\/suasemfoco.ufla.br\/?author=2"},"rttpg_comment":0,"rttpg_category":null,"rttpg_excerpt":"Quem somos Nossa equipe \u00e9 composta por especialistas em educa\u00e7\u00e3o, assist\u00eancia social e tecnologia, dedicados a proporcionar uma experi\u00eancia educacional de qualidade. Acreditamos que investir no desenvolvimento dos profissionais da assist\u00eancia social contribui diretamente para o fortalecimento das comunidades e para a promo\u00e7\u00e3o do bem-estar social. P\u00fablico Alvo Este projeto destina-se a assistentes sociais, psic\u00f3logos,&hellip;","_links":{"self":[{"href":"https:\/\/suasemfoco.ufla.br\/index.php?rest_route=\/wp\/v2\/pages\/8"}],"collection":[{"href":"https:\/\/suasemfoco.ufla.br\/index.php?rest_route=\/wp\/v2\/pages"}],"about":[{"href":"https:\/\/suasemfoco.ufla.br\/index.php?rest_route=\/wp\/v2\/types\/page"}],"author":[{"embeddable":true,"href":"https:\/\/suasemfoco.ufla.br\/index.php?rest_route=\/wp\/v2\/users\/2"}],"replies":[{"embeddable":true,"href":"https:\/\/suasemfoco.ufla.br\/index.php?rest_route=%2Fwp%2Fv2%2Fcomments&post=8"}],"version-history":[{"count":16,"href":"https:\/\/suasemfoco.ufla.br\/index.php?rest_route=\/wp\/v2\/pages\/8\/revisions"}],"predecessor-version":[{"id":86,"href":"https:\/\/suasemfoco.ufla.br\/index.php?rest_route=\/wp\/v2\/pages\/8\/revisions\/86"}],"wp:attachment":[{"href":"https:\/\/suasemfoco.ufla.br\/index.php?rest_route=%2Fwp%2Fv2%2Fmedia&parent=8"}],"curies":[{"name":"wp","href":"https:\/\/api.w.org\/{rel}","templated":true}]}}